
{"id":4661,"date":"2025-05-12T19:44:59","date_gmt":"2025-05-12T17:44:59","guid":{"rendered":"https:\/\/itgirls.org.pl\/?page_id=4661"},"modified":"2025-06-18T13:57:38","modified_gmt":"2025-06-18T11:57:38","slug":"darowizna","status":"publish","type":"page","link":"https:\/\/itgirls.org.pl\/en\/darowizna\/","title":{"rendered":"Donation"},"content":{"rendered":"<div data-elementor-type=\"wp-page\" data-elementor-id=\"4661\" class=\"elementor elementor-4661\" data-elementor-post-type=\"page\">\n\t\t\t\t<div class=\"elementor-element elementor-element-a9f665f e-flex e-con-boxed e-con e-parent\" data-id=\"a9f665f\" data-element_type=\"container\" data-settings=\"{&quot;background_background&quot;:&quot;classic&quot;}\">\n\t\t\t\t\t<div class=\"e-con-inner\">\n\t\t\t\t<div class=\"elementor-element elementor-element-17e75d1 e-transform elementor-hidden-mobile elementor-view-default elementor-widget elementor-widget-icon\" data-id=\"17e75d1\" data-element_type=\"widget\" data-settings=\"{&quot;_transform_flipX_effect&quot;:&quot;transform&quot;}\" data-widget_type=\"icon.default\">\n\t\t\t\t<div class=\"elementor-widget-container\">\n\t\t\t\t\t\t\t<div class=\"elementor-icon-wrapper\">\n\t\t\t<div class=\"elementor-icon\">\n\t\t\t<svg xmlns=\"http:\/\/www.w3.org\/2000\/svg\" width=\"156\" height=\"98\" viewbox=\"0 0 156 98\" fill=\"none\"><path d=\"M64.6001 19.1519V31.5519L58.5001 51.1519H48.1001L57.0001 33.7519L56.5001 32.9519L54.8001 33.3519H50.4001V19.1519H64.6001Z\" fill=\"#F18CC0\"><\/path><path d=\"M147.8 31.6519V44.0519L141.8 63.5519H131.4L140.2 46.2519L139.7 45.4519L138.1 45.8519H133.7V31.6519H147.8Z\" fill=\"#60CBAF\"><\/path><path d=\"M59.1002 83.4519C65.6724 83.4519 71.0002 78.124 71.0002 71.5518C71.0002 64.9797 65.6724 59.6519 59.1002 59.6519C52.528 59.6519 47.2002 64.9797 47.2002 71.5518C47.2002 78.124 52.528 83.4519 59.1002 83.4519Z\" fill=\"#0DC0E4\"><\/path><path d=\"M143.8 97.3519C150.373 97.3519 155.7 92.0241 155.7 85.4519C155.7 78.8797 150.373 73.5519 143.8 73.5519C137.228 73.5519 131.9 78.8797 131.9 85.4519C131.9 92.0241 137.228 97.3519 143.8 97.3519Z\" fill=\"#0DC0E4\"><\/path><path d=\"M107.9 84.1518C114.472 84.1518 119.8 78.824 119.8 72.2518C119.8 65.6796 114.472 60.3518 107.9 60.3518C101.328 60.3518 96 65.6796 96 72.2518C96 78.824 101.328 84.1518 107.9 84.1518Z\" fill=\"#FFAA00\"><\/path><path d=\"M20.0002 80.1519C19.2002 81.6519 18.0002 82.9519 16.4002 84.0519C14.8002 85.1519 12.8002 85.6519 10.5002 85.6519C8.7002 85.6519 7.2002 85.3519 6.0002 84.6519C4.7002 83.9519 3.7002 83.0519 2.9002 81.9519C2.1002 80.8519 1.5002 79.4519 1.2002 77.9519C0.800195 76.4519 0.700195 74.8519 0.700195 73.2519V59.4519C0.700195 57.8519 0.900196 56.4519 1.4002 55.0519C1.9002 53.6519 2.5002 52.3519 3.3002 51.0519C4.1002 49.8519 5.0002 48.6519 6.0002 47.4519C7.0002 46.3519 8.0002 45.1519 9.0002 44.0519L6.2002 35.5519C5.1002 32.2519 4.2002 29.3519 3.5002 26.8519C2.8002 24.3519 2.4002 21.8519 2.4002 19.4519C2.4002 15.2519 3.6002 11.9519 6.0002 9.35188C8.4002 6.85188 11.8002 5.55188 16.2002 5.55188C20.9002 5.55188 24.3002 6.85188 26.5002 9.45188C28.7002 12.0519 29.8002 15.2519 29.8002 19.2519C29.8002 22.5519 29.2002 25.5519 28.0002 28.4519C26.8002 31.3519 25.2002 34.0519 23.3002 36.5519L18.0002 43.6519L24.1002 64.8519H25.4002L23.0002 49.8519V44.0519H31.1002V55.6519C31.1002 57.8519 31.0002 59.7519 30.9002 61.4519C30.7002 63.0519 30.5002 64.5519 30.3002 65.8519C30.1002 67.1519 29.7002 68.3519 29.3002 69.4519C28.9002 70.5519 28.4002 71.6519 28.0002 72.7519L31.9002 84.7519H22.7002L21.4002 80.2519H20.0002V80.1519ZM10.4002 51.6519V71.8519C10.4002 73.5519 10.8002 74.7519 11.5002 75.5519C12.2002 76.3519 13.2002 76.7519 14.3002 76.7519C15.4002 76.7519 16.3002 76.4519 16.9002 75.8519C17.5002 75.2519 18.0002 74.7519 18.3002 74.2519L14.0002 59.2519L12.1002 51.7519H10.4002V51.6519ZM16.1002 35.6519L17.5002 30.7519C18.2002 28.7519 18.8002 26.8519 19.2002 24.9519C19.6002 23.0519 19.8002 21.3519 19.8002 19.7519C19.8002 17.8519 19.4002 16.5519 18.6002 15.7519C17.8002 14.9519 16.8002 14.5519 15.6002 14.5519C14.3002 14.5519 13.4002 15.0519 12.8002 16.0519C12.2002 17.0519 11.9002 18.1519 11.9002 19.2519C11.9002 19.8519 11.9002 20.7519 12.0002 21.6519C12.1002 22.6519 12.2002 23.6519 12.4002 24.7519C12.6002 25.8519 12.8002 26.9519 13.1002 28.1519C13.4002 29.2519 13.7002 30.3519 14.0002 31.4519L14.7002 35.6519H16.1002Z\" fill=\"#60CBAF\"><\/path><path d=\"M92.4804 0.152377L82.2412 1.27405L88.0238 54.0608L98.263 52.9391L92.4804 0.152377Z\" fill=\"#A28BF2\"><\/path><\/svg>\t\t\t<\/div>\n\t\t<\/div>\n\t\t\t\t\t\t<\/div>\n\t\t\t\t<\/div>\n\t\t\t\t<div class=\"elementor-element elementor-element-69415aa elementor-widget elementor-widget-heading\" data-id=\"69415aa\" data-element_type=\"widget\" data-widget_type=\"heading.default\">\n\t\t\t\t<div class=\"elementor-widget-container\">\n\t\t\t\t\t<h2 class=\"elementor-heading-title elementor-size-default\">Support the activities of IT Girls<\/h2>\t\t\t\t<\/div>\n\t\t\t\t<\/div>\n\t\t\t\t<div class=\"elementor-element elementor-element-da3157d elementor-widget elementor-widget-heading\" data-id=\"da3157d\" data-element_type=\"widget\" data-widget_type=\"heading.default\">\n\t\t\t\t<div class=\"elementor-widget-container\">\n\t\t\t\t\t<h2 class=\"elementor-heading-title elementor-size-default\">Make a donation<\/h2>\t\t\t\t<\/div>\n\t\t\t\t<\/div>\n\t\t\t\t\t<\/div>\n\t\t\t\t<\/div>\n\t\t<div class=\"elementor-element elementor-element-68f7c50 e-flex e-con-boxed e-con e-parent\" data-id=\"68f7c50\" data-element_type=\"container\">\n\t\t\t\t\t<div class=\"e-con-inner\">\n\t\t\t\t<div class=\"elementor-element elementor-element-ee08101 elementor-widget elementor-widget-shortcode\" data-id=\"ee08101\" data-element_type=\"widget\" data-widget_type=\"shortcode.default\">\n\t\t\t\t<div class=\"elementor-widget-container\">\n\t\t\t\t\t\t\t<div class=\"elementor-shortcode\"><div class='root-data-givewp-embed' data-form-locale='en_GB' data-form-url='https:\/\/itgirls.org.pl\/?post_type=give_forms&#038;p=2795' data-form-view-url='https:\/\/itgirls.org.pl\/en\/?givewp-route=donation-form-view&form-id=2795' data-src='https:\/\/itgirls.org.pl\/en\/?givewp-route=donation-form-view&form-id=2795' data-givewp-embed-id='give-form-shortcode-1' data-form-format='' data-open-form-button='Donate now'><\/div><\/div>\n\t\t\t\t\t\t<\/div>\n\t\t\t\t<\/div>\n\t\t\t\t\t<\/div>\n\t\t\t\t<\/div>\n\t\t\t\t<\/div>","protected":false},"excerpt":{"rendered":"<p>Support IT Girls&#039; work Make a donation<\/p>","protected":false},"author":3,"featured_media":0,"parent":0,"menu_order":0,"comment_status":"closed","ping_status":"closed","template":"elementor_header_footer","meta":{"give_campaign_id":0,"footnotes":""},"class_list":["post-4661","page","type-page","status-publish","hentry"],"blocksy_meta":[],"yoast_head":"<!-- This site is optimized with the Yoast SEO plugin v25.5 - https:\/\/yoast.com\/wordpress\/plugins\/seo\/ -->\n<title>Darowizna - Fundacja IT Girls<\/title>\n<meta name=\"robots\" content=\"index, follow, max-snippet:-1, max-image-preview:large, max-video-preview:-1\" \/>\n<link rel=\"canonical\" href=\"https:\/\/itgirls.org.pl\/en\/darowizna\/\" \/>\n<meta property=\"og:locale\" content=\"en_GB\" \/>\n<meta property=\"og:type\" content=\"article\" \/>\n<meta property=\"og:title\" content=\"Darowizna - Fundacja IT Girls\" \/>\n<meta property=\"og:description\" content=\"Wesprzyj dzia\u0142ania IT Girls Przeka\u017c darowizn\u0119\" \/>\n<meta property=\"og:url\" content=\"https:\/\/itgirls.org.pl\/en\/darowizna\/\" \/>\n<meta property=\"og:site_name\" content=\"Fundacja IT Girls\" \/>\n<meta property=\"article:modified_time\" content=\"2025-06-18T11:57:38+00:00\" \/>\n<meta name=\"twitter:card\" content=\"summary_large_image\" \/>\n<script type=\"application\/ld+json\" class=\"yoast-schema-graph\">{\"@context\":\"https:\/\/schema.org\",\"@graph\":[{\"@type\":\"WebPage\",\"@id\":\"https:\/\/itgirls.org.pl\/darowizna\/\",\"url\":\"https:\/\/itgirls.org.pl\/darowizna\/\",\"name\":\"Darowizna - Fundacja IT Girls\",\"isPartOf\":{\"@id\":\"https:\/\/itgirls.org.pl\/en\/#website\"},\"datePublished\":\"2025-05-12T17:44:59+00:00\",\"dateModified\":\"2025-06-18T11:57:38+00:00\",\"breadcrumb\":{\"@id\":\"https:\/\/itgirls.org.pl\/darowizna\/#breadcrumb\"},\"inLanguage\":\"en-GB\",\"potentialAction\":[{\"@type\":\"ReadAction\",\"target\":[\"https:\/\/itgirls.org.pl\/darowizna\/\"]}]},{\"@type\":\"BreadcrumbList\",\"@id\":\"https:\/\/itgirls.org.pl\/darowizna\/#breadcrumb\",\"itemListElement\":[{\"@type\":\"ListItem\",\"position\":1,\"name\":\"Strona g\u0142\u00f3wna\",\"item\":\"https:\/\/itgirls.org.pl\/\"},{\"@type\":\"ListItem\",\"position\":2,\"name\":\"Darowizna\"}]},{\"@type\":\"WebSite\",\"@id\":\"https:\/\/itgirls.org.pl\/en\/#website\",\"url\":\"https:\/\/itgirls.org.pl\/en\/\",\"name\":\"Fundacja IT Girls\",\"description\":\"\",\"publisher\":{\"@id\":\"https:\/\/itgirls.org.pl\/en\/#organization\"},\"potentialAction\":[{\"@type\":\"SearchAction\",\"target\":{\"@type\":\"EntryPoint\",\"urlTemplate\":\"https:\/\/itgirls.org.pl\/en\/?s={search_term_string}\"},\"query-input\":{\"@type\":\"PropertyValueSpecification\",\"valueRequired\":true,\"valueName\":\"search_term_string\"}}],\"inLanguage\":\"en-GB\"},{\"@type\":\"Organization\",\"@id\":\"https:\/\/itgirls.org.pl\/en\/#organization\",\"name\":\"Fundacja IT Girls\",\"url\":\"https:\/\/itgirls.org.pl\/en\/\",\"logo\":{\"@type\":\"ImageObject\",\"inLanguage\":\"en-GB\",\"@id\":\"https:\/\/itgirls.org.pl\/en\/#\/schema\/logo\/image\/\",\"url\":\"https:\/\/itgirls.org.pl\/wp-content\/uploads\/2025\/02\/it_logo.webp\",\"contentUrl\":\"https:\/\/itgirls.org.pl\/wp-content\/uploads\/2025\/02\/it_logo.webp\",\"width\":199,\"height\":98,\"caption\":\"Fundacja IT Girls\"},\"image\":{\"@id\":\"https:\/\/itgirls.org.pl\/en\/#\/schema\/logo\/image\/\"}}]}<\/script>\n<!-- \/ Yoast SEO plugin. -->","yoast_head_json":{"title":"Darowizna - Fundacja IT Girls","robots":{"index":"index","follow":"follow","max-snippet":"max-snippet:-1","max-image-preview":"max-image-preview:large","max-video-preview":"max-video-preview:-1"},"canonical":"https:\/\/itgirls.org.pl\/en\/darowizna\/","og_locale":"en_GB","og_type":"article","og_title":"Darowizna - Fundacja IT Girls","og_description":"Wesprzyj dzia\u0142ania IT Girls Przeka\u017c darowizn\u0119","og_url":"https:\/\/itgirls.org.pl\/en\/darowizna\/","og_site_name":"Fundacja IT Girls","article_modified_time":"2025-06-18T11:57:38+00:00","twitter_card":"summary_large_image","schema":{"@context":"https:\/\/schema.org","@graph":[{"@type":"WebPage","@id":"https:\/\/itgirls.org.pl\/darowizna\/","url":"https:\/\/itgirls.org.pl\/darowizna\/","name":"Darowizna - Fundacja IT Girls","isPartOf":{"@id":"https:\/\/itgirls.org.pl\/en\/#website"},"datePublished":"2025-05-12T17:44:59+00:00","dateModified":"2025-06-18T11:57:38+00:00","breadcrumb":{"@id":"https:\/\/itgirls.org.pl\/darowizna\/#breadcrumb"},"inLanguage":"en-GB","potentialAction":[{"@type":"ReadAction","target":["https:\/\/itgirls.org.pl\/darowizna\/"]}]},{"@type":"BreadcrumbList","@id":"https:\/\/itgirls.org.pl\/darowizna\/#breadcrumb","itemListElement":[{"@type":"ListItem","position":1,"name":"Strona g\u0142\u00f3wna","item":"https:\/\/itgirls.org.pl\/"},{"@type":"ListItem","position":2,"name":"Darowizna"}]},{"@type":"WebSite","@id":"https:\/\/itgirls.org.pl\/en\/#website","url":"https:\/\/itgirls.org.pl\/en\/","name":"IT Girls Foundation","description":"","publisher":{"@id":"https:\/\/itgirls.org.pl\/en\/#organization"},"potentialAction":[{"@type":"SearchAction","target":{"@type":"EntryPoint","urlTemplate":"https:\/\/itgirls.org.pl\/en\/?s={search_term_string}"},"query-input":{"@type":"PropertyValueSpecification","valueRequired":true,"valueName":"search_term_string"}}],"inLanguage":"en-GB"},{"@type":"Organization","@id":"https:\/\/itgirls.org.pl\/en\/#organization","name":"IT Girls Foundation","url":"https:\/\/itgirls.org.pl\/en\/","logo":{"@type":"ImageObject","inLanguage":"en-GB","@id":"https:\/\/itgirls.org.pl\/en\/#\/schema\/logo\/image\/","url":"https:\/\/itgirls.org.pl\/wp-content\/uploads\/2025\/02\/it_logo.webp","contentUrl":"https:\/\/itgirls.org.pl\/wp-content\/uploads\/2025\/02\/it_logo.webp","width":199,"height":98,"caption":"Fundacja IT Girls"},"image":{"@id":"https:\/\/itgirls.org.pl\/en\/#\/schema\/logo\/image\/"}}]}},"campaignId":"","_links":{"self":[{"href":"https:\/\/itgirls.org.pl\/en\/wp-json\/wp\/v2\/pages\/4661","targetHints":{"allow":["GET"]}}],"collection":[{"href":"https:\/\/itgirls.org.pl\/en\/wp-json\/wp\/v2\/pages"}],"about":[{"href":"https:\/\/itgirls.org.pl\/en\/wp-json\/wp\/v2\/types\/page"}],"author":[{"embeddable":true,"href":"https:\/\/itgirls.org.pl\/en\/wp-json\/wp\/v2\/users\/3"}],"replies":[{"embeddable":true,"href":"https:\/\/itgirls.org.pl\/en\/wp-json\/wp\/v2\/comments?post=4661"}],"version-history":[{"count":0,"href":"https:\/\/itgirls.org.pl\/en\/wp-json\/wp\/v2\/pages\/4661\/revisions"}],"wp:attachment":[{"href":"https:\/\/itgirls.org.pl\/en\/wp-json\/wp\/v2\/media?parent=4661"}],"curies":[{"name":"wp","href":"https:\/\/api.w.org\/{rel}","templated":true}]}}