
{"id":6450,"date":"2025-12-19T13:32:38","date_gmt":"2025-12-19T12:32:38","guid":{"rendered":"https:\/\/itgirls.org.pl\/?page_id=6450"},"modified":"2025-12-19T13:35:48","modified_gmt":"2025-12-19T12:35:48","slug":"dokumenty-fundacji","status":"publish","type":"page","link":"https:\/\/itgirls.org.pl\/en\/dokumenty-fundacji\/","title":{"rendered":"Dokumenty fundacji"},"content":{"rendered":"<div data-elementor-type=\"wp-page\" data-elementor-id=\"6450\" class=\"elementor elementor-6450\" data-elementor-post-type=\"page\">\n\t\t\t\t<div class=\"elementor-element elementor-element-642287c e-flex e-con-boxed e-con e-parent\" data-id=\"642287c\" data-element_type=\"container\">\n\t\t\t\t\t<div class=\"e-con-inner\">\n\t\t\t\t<div class=\"elementor-element elementor-element-adf66ac elementor-widget elementor-widget-heading\" data-id=\"adf66ac\" data-element_type=\"widget\" data-widget_type=\"heading.default\">\n\t\t\t\t<div class=\"elementor-widget-container\">\n\t\t\t\t\t<h3 class=\"elementor-heading-title elementor-size-default\">Nasz statut<\/h3>\t\t\t\t<\/div>\n\t\t\t\t<\/div>\n\t\t\t\t<div class=\"elementor-element elementor-element-428e128 elementor-widget elementor-widget-text-editor\" data-id=\"428e128\" data-element_type=\"widget\" data-widget_type=\"text-editor.default\">\n\t\t\t\t<div class=\"elementor-widget-container\">\n\t\t\t\t\t\t\t\t\t<p><strong>Fundacja IT Girls zosta\u0142a za\u0142o\u017cona w 2021 roku.<\/strong><br \/>Organami Fundacji jest Rada Fundacji oraz Zarz\u0105d. Siedzib\u0105 naszej Fundacji jest Warszawa.<\/p>\t\t\t\t\t\t\t\t<\/div>\n\t\t\t\t<\/div>\n\t\t\t\t<div class=\"elementor-element elementor-element-c738996 elementor-position-left elementor-vertical-align-middle elementor-view-default elementor-mobile-position-top elementor-widget elementor-widget-icon-box\" data-id=\"c738996\" data-element_type=\"widget\" data-widget_type=\"icon-box.default\">\n\t\t\t\t<div class=\"elementor-widget-container\">\n\t\t\t\t\t\t\t<div class=\"elementor-icon-box-wrapper\">\n\n\t\t\t\t\t\t<div class=\"elementor-icon-box-icon\">\n\t\t\t\t<a href=\"https:\/\/itgirls.org.pl\/en\/statut\/\" class=\"elementor-icon\" tabindex=\"-1\" aria-label=\"Statut fundacji IT Girls\">\n\t\t\t\t<svg aria-hidden=\"true\" class=\"e-font-icon-svg e-far-file-pdf\" viewbox=\"0 0 384 512\" xmlns=\"http:\/\/www.w3.org\/2000\/svg\"><path d=\"M369.9 97.9L286 14C277 5 264.8-.1 252.1-.1H48C21.5 0 0 21.5 0 48v416c0 26.5 21.5 48 48 48h288c26.5 0 48-21.5 48-48V131.9c0-12.7-5.1-25-14.1-34zM332.1 128H256V51.9l76.1 76.1zM48 464V48h160v104c0 13.3 10.7 24 24 24h104v288H48zm250.2-143.7c-12.2-12-47-8.7-64.4-6.5-17.2-10.5-28.7-25-36.8-46.3 3.9-16.1 10.1-40.6 5.4-56-4.2-26.2-37.8-23.6-42.6-5.9-4.4 16.1-.4 38.5 7 67.1-10 23.9-24.9 56-35.4 74.4-20 10.3-47 26.2-51 46.2-3.3 15.8 26 55.2 76.1-31.2 22.4-7.4 46.8-16.5 68.4-20.1 18.9 10.2 41 17 55.8 17 25.5 0 28-28.2 17.5-38.7zm-198.1 77.8c5.1-13.7 24.5-29.5 30.4-35-19 30.3-30.4 35.7-30.4 35zm81.6-190.6c7.4 0 6.7 32.1 1.8 40.8-4.4-13.9-4.3-40.8-1.8-40.8zm-24.4 136.6c9.7-16.9 18-37 24.7-54.7 8.3 15.1 18.9 27.2 30.1 35.5-20.8 4.3-38.9 13.1-54.8 19.2zm131.6-5s-5 6-37.3-7.8c35.1-2.6 40.9 5.4 37.3 7.8z\"><\/path><\/svg>\t\t\t\t<\/a>\n\t\t\t<\/div>\n\t\t\t\n\t\t\t\t\t\t<div class=\"elementor-icon-box-content\">\n\n\t\t\t\t\t\t\t\t\t<h6 class=\"elementor-icon-box-title\">\n\t\t\t\t\t\t<a href=\"https:\/\/itgirls.org.pl\/en\/statut\/\" >\n\t\t\t\t\t\t\tStatut fundacji IT Girls\t\t\t\t\t\t<\/a>\n\t\t\t\t\t<\/h6>\n\t\t\t\t\n\t\t\t\t\n\t\t\t<\/div>\n\t\t\t\n\t\t<\/div>\n\t\t\t\t\t\t<\/div>\n\t\t\t\t<\/div>\n\t\t\t\t\t<\/div>\n\t\t\t\t<\/div>\n\t\t<div class=\"elementor-element elementor-element-eeea8a2 e-flex e-con-boxed e-con e-parent\" data-id=\"eeea8a2\" data-element_type=\"container\">\n\t\t\t\t\t<div class=\"e-con-inner\">\n\t\t\t\t<div class=\"elementor-element elementor-element-6e9b41d elementor-widget elementor-widget-heading\" data-id=\"6e9b41d\" data-element_type=\"widget\" data-widget_type=\"heading.default\">\n\t\t\t\t<div class=\"elementor-widget-container\">\n\t\t\t\t\t<h3 class=\"elementor-heading-title elementor-size-default\">Sprawozdania finansowe i merytoryczne<\/h3>\t\t\t\t<\/div>\n\t\t\t\t<\/div>\n\t\t\t\t<div class=\"elementor-element elementor-element-b8f4b07 elementor-widget elementor-widget-text-editor\" data-id=\"b8f4b07\" data-element_type=\"widget\" data-widget_type=\"text-editor.default\">\n\t\t\t\t<div class=\"elementor-widget-container\">\n\t\t\t\t\t\t\t\t\t<p><strong>Jeste\u015bmy fundacj\u0105 non profit. Nie dzia\u0142amy dla zysku.<\/strong><br \/>W ka\u017cdej chwili mo\u017cesz przejrze\u0107 sprawozdania finansowe, kt\u00f3re szczeg\u00f3\u0142owo opisuj\u0105 nasze wydatki.<\/p>\t\t\t\t\t\t\t\t<\/div>\n\t\t\t\t<\/div>\n\t\t\t\t<div class=\"elementor-element elementor-element-69fbc38 elementor-position-left elementor-vertical-align-middle elementor-view-default elementor-mobile-position-top elementor-widget elementor-widget-icon-box\" data-id=\"69fbc38\" data-element_type=\"widget\" data-widget_type=\"icon-box.default\">\n\t\t\t\t<div class=\"elementor-widget-container\">\n\t\t\t\t\t\t\t<div class=\"elementor-icon-box-wrapper\">\n\n\t\t\t\t\t\t<div class=\"elementor-icon-box-icon\">\n\t\t\t\t<a href=\"https:\/\/drive.google.com\/file\/d\/1MR3LNUThmmMIfgE84ZjOZEhOfrCnOIO0\/view?usp=sharing\" target=\"_blank\" class=\"elementor-icon\" tabindex=\"-1\" aria-label=\"Sprawozdanie finansowe za rok 2024\">\n\t\t\t\t<svg aria-hidden=\"true\" class=\"e-font-icon-svg e-far-file-pdf\" viewbox=\"0 0 384 512\" xmlns=\"http:\/\/www.w3.org\/2000\/svg\"><path d=\"M369.9 97.9L286 14C277 5 264.8-.1 252.1-.1H48C21.5 0 0 21.5 0 48v416c0 26.5 21.5 48 48 48h288c26.5 0 48-21.5 48-48V131.9c0-12.7-5.1-25-14.1-34zM332.1 128H256V51.9l76.1 76.1zM48 464V48h160v104c0 13.3 10.7 24 24 24h104v288H48zm250.2-143.7c-12.2-12-47-8.7-64.4-6.5-17.2-10.5-28.7-25-36.8-46.3 3.9-16.1 10.1-40.6 5.4-56-4.2-26.2-37.8-23.6-42.6-5.9-4.4 16.1-.4 38.5 7 67.1-10 23.9-24.9 56-35.4 74.4-20 10.3-47 26.2-51 46.2-3.3 15.8 26 55.2 76.1-31.2 22.4-7.4 46.8-16.5 68.4-20.1 18.9 10.2 41 17 55.8 17 25.5 0 28-28.2 17.5-38.7zm-198.1 77.8c5.1-13.7 24.5-29.5 30.4-35-19 30.3-30.4 35.7-30.4 35zm81.6-190.6c7.4 0 6.7 32.1 1.8 40.8-4.4-13.9-4.3-40.8-1.8-40.8zm-24.4 136.6c9.7-16.9 18-37 24.7-54.7 8.3 15.1 18.9 27.2 30.1 35.5-20.8 4.3-38.9 13.1-54.8 19.2zm131.6-5s-5 6-37.3-7.8c35.1-2.6 40.9 5.4 37.3 7.8z\"><\/path><\/svg>\t\t\t\t<\/a>\n\t\t\t<\/div>\n\t\t\t\n\t\t\t\t\t\t<div class=\"elementor-icon-box-content\">\n\n\t\t\t\t\t\t\t\t\t<h6 class=\"elementor-icon-box-title\">\n\t\t\t\t\t\t<a href=\"https:\/\/drive.google.com\/file\/d\/1MR3LNUThmmMIfgE84ZjOZEhOfrCnOIO0\/view?usp=sharing\" target=\"_blank\" >\n\t\t\t\t\t\t\tSprawozdanie finansowe za rok 2024\t\t\t\t\t\t<\/a>\n\t\t\t\t\t<\/h6>\n\t\t\t\t\n\t\t\t\t\n\t\t\t<\/div>\n\t\t\t\n\t\t<\/div>\n\t\t\t\t\t\t<\/div>\n\t\t\t\t<\/div>\n\t\t\t\t\t<\/div>\n\t\t\t\t<\/div>\n\t\t<div class=\"elementor-element elementor-element-3767acb e-flex e-con-boxed e-con e-parent\" data-id=\"3767acb\" data-element_type=\"container\">\n\t\t\t\t\t<div class=\"e-con-inner\">\n\t\t\t\t<div class=\"elementor-element elementor-element-ab3e810 elementor-widget elementor-widget-heading\" data-id=\"ab3e810\" data-element_type=\"widget\" data-widget_type=\"heading.default\">\n\t\t\t\t<div class=\"elementor-widget-container\">\n\t\t\t\t\t<h3 class=\"elementor-heading-title elementor-size-default\">Polityka ochrony dziecka Fundacji IT Girls<\/h3>\t\t\t\t<\/div>\n\t\t\t\t<\/div>\n\t\t\t\t<div class=\"elementor-element elementor-element-e567cc0 elementor-position-left elementor-vertical-align-middle elementor-view-default elementor-mobile-position-top elementor-widget elementor-widget-icon-box\" data-id=\"e567cc0\" data-element_type=\"widget\" data-widget_type=\"icon-box.default\">\n\t\t\t\t<div class=\"elementor-widget-container\">\n\t\t\t\t\t\t\t<div class=\"elementor-icon-box-wrapper\">\n\n\t\t\t\t\t\t<div class=\"elementor-icon-box-icon\">\n\t\t\t\t<a href=\"https:\/\/itgirls.org.pl\/wp-content\/uploads\/2025\/04\/POLITYKA-OCHRONY-DZIECKA.pdf\" target=\"_blank\" class=\"elementor-icon\" tabindex=\"-1\" aria-label=\"Polityka ochrony dziecka Fundacji IT Girls\">\n\t\t\t\t<svg aria-hidden=\"true\" class=\"e-font-icon-svg e-far-file-pdf\" viewbox=\"0 0 384 512\" xmlns=\"http:\/\/www.w3.org\/2000\/svg\"><path d=\"M369.9 97.9L286 14C277 5 264.8-.1 252.1-.1H48C21.5 0 0 21.5 0 48v416c0 26.5 21.5 48 48 48h288c26.5 0 48-21.5 48-48V131.9c0-12.7-5.1-25-14.1-34zM332.1 128H256V51.9l76.1 76.1zM48 464V48h160v104c0 13.3 10.7 24 24 24h104v288H48zm250.2-143.7c-12.2-12-47-8.7-64.4-6.5-17.2-10.5-28.7-25-36.8-46.3 3.9-16.1 10.1-40.6 5.4-56-4.2-26.2-37.8-23.6-42.6-5.9-4.4 16.1-.4 38.5 7 67.1-10 23.9-24.9 56-35.4 74.4-20 10.3-47 26.2-51 46.2-3.3 15.8 26 55.2 76.1-31.2 22.4-7.4 46.8-16.5 68.4-20.1 18.9 10.2 41 17 55.8 17 25.5 0 28-28.2 17.5-38.7zm-198.1 77.8c5.1-13.7 24.5-29.5 30.4-35-19 30.3-30.4 35.7-30.4 35zm81.6-190.6c7.4 0 6.7 32.1 1.8 40.8-4.4-13.9-4.3-40.8-1.8-40.8zm-24.4 136.6c9.7-16.9 18-37 24.7-54.7 8.3 15.1 18.9 27.2 30.1 35.5-20.8 4.3-38.9 13.1-54.8 19.2zm131.6-5s-5 6-37.3-7.8c35.1-2.6 40.9 5.4 37.3 7.8z\"><\/path><\/svg>\t\t\t\t<\/a>\n\t\t\t<\/div>\n\t\t\t\n\t\t\t\t\t\t<div class=\"elementor-icon-box-content\">\n\n\t\t\t\t\t\t\t\t\t<h6 class=\"elementor-icon-box-title\">\n\t\t\t\t\t\t<a href=\"https:\/\/itgirls.org.pl\/wp-content\/uploads\/2025\/04\/POLITYKA-OCHRONY-DZIECKA.pdf\" target=\"_blank\" >\n\t\t\t\t\t\t\tPolityka ochrony dziecka Fundacji IT Girls\t\t\t\t\t\t<\/a>\n\t\t\t\t\t<\/h6>\n\t\t\t\t\n\t\t\t\t\n\t\t\t<\/div>\n\t\t\t\n\t\t<\/div>\n\t\t\t\t\t\t<\/div>\n\t\t\t\t<\/div>\n\t\t\t\t\t<\/div>\n\t\t\t\t<\/div>\n\t\t\t\t<\/div>","protected":false},"excerpt":{"rendered":"<p>Nasz statut Fundacja IT Girls zosta\u0142a za\u0142o\u017cona w 2021 roku.Organami Fundacji jest Rada Fundacji oraz Zarz\u0105d. Siedzib\u0105 naszej Fundacji jest Warszawa. Statut fundacji IT Girls Sprawozdania finansowe i merytoryczne Jeste\u015bmy fundacj\u0105 non profit. Nie dzia\u0142amy dla zysku.W ka\u017cdej chwili mo\u017cesz przejrze\u0107 sprawozdania finansowe, kt\u00f3re szczeg\u00f3\u0142owo opisuj\u0105 nasze wydatki. Sprawozdanie finansowe za rok 2024 Polityka ochrony [&hellip;]<\/p>","protected":false},"author":3,"featured_media":0,"parent":0,"menu_order":0,"comment_status":"closed","ping_status":"closed","template":"","meta":{"give_campaign_id":0,"footnotes":""},"class_list":["post-6450","page","type-page","status-publish","hentry"],"blocksy_meta":[],"yoast_head":"<!-- This site is optimized with the Yoast SEO plugin v25.5 - https:\/\/yoast.com\/wordpress\/plugins\/seo\/ -->\n<title>Dokumenty fundacji - Fundacja IT Girls<\/title>\n<meta name=\"robots\" content=\"index, follow, max-snippet:-1, max-image-preview:large, max-video-preview:-1\" \/>\n<link rel=\"canonical\" href=\"https:\/\/itgirls.org.pl\/en\/dokumenty-fundacji\/\" \/>\n<meta property=\"og:locale\" content=\"en_GB\" \/>\n<meta property=\"og:type\" content=\"article\" \/>\n<meta property=\"og:title\" content=\"Dokumenty fundacji - Fundacja IT Girls\" \/>\n<meta property=\"og:description\" content=\"Nasz statut Fundacja IT Girls zosta\u0142a za\u0142o\u017cona w 2021 roku.Organami Fundacji jest Rada Fundacji oraz Zarz\u0105d. Siedzib\u0105 naszej Fundacji jest Warszawa. Statut fundacji IT Girls Sprawozdania finansowe i merytoryczne Jeste\u015bmy fundacj\u0105 non profit. Nie dzia\u0142amy dla zysku.W ka\u017cdej chwili mo\u017cesz przejrze\u0107 sprawozdania finansowe, kt\u00f3re szczeg\u00f3\u0142owo opisuj\u0105 nasze wydatki. Sprawozdanie finansowe za rok 2024 Polityka ochrony [&hellip;]\" \/>\n<meta property=\"og:url\" content=\"https:\/\/itgirls.org.pl\/en\/dokumenty-fundacji\/\" \/>\n<meta property=\"og:site_name\" content=\"Fundacja IT Girls\" \/>\n<meta property=\"article:modified_time\" content=\"2025-12-19T12:35:48+00:00\" \/>\n<meta name=\"twitter:card\" content=\"summary_large_image\" \/>\n<meta name=\"twitter:label1\" content=\"Estimated reading time\" \/>\n\t<meta name=\"twitter:data1\" content=\"1 minute\" \/>\n<script type=\"application\/ld+json\" class=\"yoast-schema-graph\">{\"@context\":\"https:\/\/schema.org\",\"@graph\":[{\"@type\":\"WebPage\",\"@id\":\"https:\/\/itgirls.org.pl\/dokumenty-fundacji\/\",\"url\":\"https:\/\/itgirls.org.pl\/dokumenty-fundacji\/\",\"name\":\"Dokumenty fundacji - Fundacja IT Girls\",\"isPartOf\":{\"@id\":\"https:\/\/itgirls.org.pl\/en\/#website\"},\"datePublished\":\"2025-12-19T12:32:38+00:00\",\"dateModified\":\"2025-12-19T12:35:48+00:00\",\"breadcrumb\":{\"@id\":\"https:\/\/itgirls.org.pl\/dokumenty-fundacji\/#breadcrumb\"},\"inLanguage\":\"en-GB\",\"potentialAction\":[{\"@type\":\"ReadAction\",\"target\":[\"https:\/\/itgirls.org.pl\/dokumenty-fundacji\/\"]}]},{\"@type\":\"BreadcrumbList\",\"@id\":\"https:\/\/itgirls.org.pl\/dokumenty-fundacji\/#breadcrumb\",\"itemListElement\":[{\"@type\":\"ListItem\",\"position\":1,\"name\":\"Strona g\u0142\u00f3wna\",\"item\":\"https:\/\/itgirls.org.pl\/\"},{\"@type\":\"ListItem\",\"position\":2,\"name\":\"Dokumenty fundacji\"}]},{\"@type\":\"WebSite\",\"@id\":\"https:\/\/itgirls.org.pl\/en\/#website\",\"url\":\"https:\/\/itgirls.org.pl\/en\/\",\"name\":\"Fundacja IT Girls\",\"description\":\"\",\"publisher\":{\"@id\":\"https:\/\/itgirls.org.pl\/en\/#organization\"},\"potentialAction\":[{\"@type\":\"SearchAction\",\"target\":{\"@type\":\"EntryPoint\",\"urlTemplate\":\"https:\/\/itgirls.org.pl\/en\/?s={search_term_string}\"},\"query-input\":{\"@type\":\"PropertyValueSpecification\",\"valueRequired\":true,\"valueName\":\"search_term_string\"}}],\"inLanguage\":\"en-GB\"},{\"@type\":\"Organization\",\"@id\":\"https:\/\/itgirls.org.pl\/en\/#organization\",\"name\":\"Fundacja IT Girls\",\"url\":\"https:\/\/itgirls.org.pl\/en\/\",\"logo\":{\"@type\":\"ImageObject\",\"inLanguage\":\"en-GB\",\"@id\":\"https:\/\/itgirls.org.pl\/en\/#\/schema\/logo\/image\/\",\"url\":\"https:\/\/itgirls.org.pl\/wp-content\/uploads\/2025\/02\/it_logo.webp\",\"contentUrl\":\"https:\/\/itgirls.org.pl\/wp-content\/uploads\/2025\/02\/it_logo.webp\",\"width\":199,\"height\":98,\"caption\":\"Fundacja IT Girls\"},\"image\":{\"@id\":\"https:\/\/itgirls.org.pl\/en\/#\/schema\/logo\/image\/\"}}]}<\/script>\n<!-- \/ Yoast SEO plugin. -->","yoast_head_json":{"title":"Dokumenty fundacji - Fundacja IT Girls","robots":{"index":"index","follow":"follow","max-snippet":"max-snippet:-1","max-image-preview":"max-image-preview:large","max-video-preview":"max-video-preview:-1"},"canonical":"https:\/\/itgirls.org.pl\/en\/dokumenty-fundacji\/","og_locale":"en_GB","og_type":"article","og_title":"Dokumenty fundacji - Fundacja IT Girls","og_description":"Nasz statut Fundacja IT Girls zosta\u0142a za\u0142o\u017cona w 2021 roku.Organami Fundacji jest Rada Fundacji oraz Zarz\u0105d. Siedzib\u0105 naszej Fundacji jest Warszawa. Statut fundacji IT Girls Sprawozdania finansowe i merytoryczne Jeste\u015bmy fundacj\u0105 non profit. Nie dzia\u0142amy dla zysku.W ka\u017cdej chwili mo\u017cesz przejrze\u0107 sprawozdania finansowe, kt\u00f3re szczeg\u00f3\u0142owo opisuj\u0105 nasze wydatki. Sprawozdanie finansowe za rok 2024 Polityka ochrony [&hellip;]","og_url":"https:\/\/itgirls.org.pl\/en\/dokumenty-fundacji\/","og_site_name":"Fundacja IT Girls","article_modified_time":"2025-12-19T12:35:48+00:00","twitter_card":"summary_large_image","twitter_misc":{"Estimated reading time":"1 minute"},"schema":{"@context":"https:\/\/schema.org","@graph":[{"@type":"WebPage","@id":"https:\/\/itgirls.org.pl\/dokumenty-fundacji\/","url":"https:\/\/itgirls.org.pl\/dokumenty-fundacji\/","name":"Dokumenty fundacji - Fundacja IT Girls","isPartOf":{"@id":"https:\/\/itgirls.org.pl\/en\/#website"},"datePublished":"2025-12-19T12:32:38+00:00","dateModified":"2025-12-19T12:35:48+00:00","breadcrumb":{"@id":"https:\/\/itgirls.org.pl\/dokumenty-fundacji\/#breadcrumb"},"inLanguage":"en-GB","potentialAction":[{"@type":"ReadAction","target":["https:\/\/itgirls.org.pl\/dokumenty-fundacji\/"]}]},{"@type":"BreadcrumbList","@id":"https:\/\/itgirls.org.pl\/dokumenty-fundacji\/#breadcrumb","itemListElement":[{"@type":"ListItem","position":1,"name":"Strona g\u0142\u00f3wna","item":"https:\/\/itgirls.org.pl\/"},{"@type":"ListItem","position":2,"name":"Dokumenty fundacji"}]},{"@type":"WebSite","@id":"https:\/\/itgirls.org.pl\/en\/#website","url":"https:\/\/itgirls.org.pl\/en\/","name":"IT Girls Foundation","description":"","publisher":{"@id":"https:\/\/itgirls.org.pl\/en\/#organization"},"potentialAction":[{"@type":"SearchAction","target":{"@type":"EntryPoint","urlTemplate":"https:\/\/itgirls.org.pl\/en\/?s={search_term_string}"},"query-input":{"@type":"PropertyValueSpecification","valueRequired":true,"valueName":"search_term_string"}}],"inLanguage":"en-GB"},{"@type":"Organization","@id":"https:\/\/itgirls.org.pl\/en\/#organization","name":"IT Girls Foundation","url":"https:\/\/itgirls.org.pl\/en\/","logo":{"@type":"ImageObject","inLanguage":"en-GB","@id":"https:\/\/itgirls.org.pl\/en\/#\/schema\/logo\/image\/","url":"https:\/\/itgirls.org.pl\/wp-content\/uploads\/2025\/02\/it_logo.webp","contentUrl":"https:\/\/itgirls.org.pl\/wp-content\/uploads\/2025\/02\/it_logo.webp","width":199,"height":98,"caption":"Fundacja IT Girls"},"image":{"@id":"https:\/\/itgirls.org.pl\/en\/#\/schema\/logo\/image\/"}}]}},"campaignId":"","_links":{"self":[{"href":"https:\/\/itgirls.org.pl\/en\/wp-json\/wp\/v2\/pages\/6450","targetHints":{"allow":["GET"]}}],"collection":[{"href":"https:\/\/itgirls.org.pl\/en\/wp-json\/wp\/v2\/pages"}],"about":[{"href":"https:\/\/itgirls.org.pl\/en\/wp-json\/wp\/v2\/types\/page"}],"author":[{"embeddable":true,"href":"https:\/\/itgirls.org.pl\/en\/wp-json\/wp\/v2\/users\/3"}],"replies":[{"embeddable":true,"href":"https:\/\/itgirls.org.pl\/en\/wp-json\/wp\/v2\/comments?post=6450"}],"version-history":[{"count":0,"href":"https:\/\/itgirls.org.pl\/en\/wp-json\/wp\/v2\/pages\/6450\/revisions"}],"wp:attachment":[{"href":"https:\/\/itgirls.org.pl\/en\/wp-json\/wp\/v2\/media?parent=6450"}],"curies":[{"name":"wp","href":"https:\/\/api.w.org\/{rel}","templated":true}]}}